{"id":4585,"date":"2023-04-13T13:23:03","date_gmt":"2023-04-13T13:23:03","guid":{"rendered":"https:\/\/alunagode.si\/?page_id=4585"},"modified":"2023-04-13T13:30:58","modified_gmt":"2023-04-13T13:30:58","slug":"zugangskontrolle","status":"publish","type":"page","link":"https:\/\/protherm.si\/de\/zugangskontrolle\/","title":{"rendered":"Zugangskontrolle"},"content":{"rendered":"\n<style type=\"text\/css\" data-created_by=\"avia_inline_auto\" id=\"style-css-av-lfv3evtd-06d3ab534d7d61db7c263fbcb7850836\">\n#top .av-special-heading.av-lfv3evtd-06d3ab534d7d61db7c263fbcb7850836{\npadding-bottom:20px;\ncolor:#000000;\nfont-size:40px;\n}\nbody .av-special-heading.av-lfv3evtd-06d3ab534d7d61db7c263fbcb7850836 .av-special-heading-tag .heading-char{\nfont-size:25px;\n}\n#top #wrap_all .av-special-heading.av-lfv3evtd-06d3ab534d7d61db7c263fbcb7850836 .av-special-heading-tag{\nfont-size:40px;\n}\n.av-special-heading.av-lfv3evtd-06d3ab534d7d61db7c263fbcb7850836 .special-heading-inner-border{\nborder-color:#000000;\n}\n.av-special-heading.av-lfv3evtd-06d3ab534d7d61db7c263fbcb7850836 .av-subheading{\nfont-size:15px;\n}\n\n@media only screen and (min-width: 480px) and (max-width: 767px){ \n#top #wrap_all .av-special-heading.av-lfv3evtd-06d3ab534d7d61db7c263fbcb7850836 .av-special-heading-tag{\nfont-size:0.8em;\n}\n}\n\n@media only screen and (max-width: 479px){ \n#top #wrap_all .av-special-heading.av-lfv3evtd-06d3ab534d7d61db7c263fbcb7850836 .av-special-heading-tag{\nfont-size:0.8em;\n}\n}\n<\/style>\n<div  class='av-special-heading av-lfv3evtd-06d3ab534d7d61db7c263fbcb7850836 av-special-heading-h1 custom-color-heading blockquote modern-quote modern-centered  avia-builder-el-0  el_before_av_hr  avia-builder-el-first  av-inherit-size'><h1 class='av-special-heading-tag '  itemprop=\"headline\"  >R7-BR4<\/h1><div class=\"special-heading-border\"><div class=\"special-heading-inner-border\"><\/div><\/div><\/div>\n\n<style type=\"text\/css\" data-created_by=\"avia_inline_auto\" id=\"style-css-av-lfv3gum8-ae1383eaa39e10c23f6678bad47907e4\">\n#top .hr.av-lfv3gum8-ae1383eaa39e10c23f6678bad47907e4{\nmargin-top:30px;\nmargin-bottom:0px;\n}\n.hr.av-lfv3gum8-ae1383eaa39e10c23f6678bad47907e4 .hr-inner{\nwidth:50px;\nborder-color:#000000;\n}\n<\/style>\n<div  class='hr av-lfv3gum8-ae1383eaa39e10c23f6678bad47907e4 hr-custom  avia-builder-el-1  el_after_av_heading  el_before_av_one_half  hr-center hr-icon-no'><span class='hr-inner inner-border-av-border-fat'><span class=\"hr-inner-style\"><\/span><\/span><\/div>\n<div class='flex_column_table av-4o8z5a-00a9c1cb8223c77435aa3a40bb77c443 sc-av_one_half av-equal-height-column-flextable'><div  class='flex_column av-4o8z5a-00a9c1cb8223c77435aa3a40bb77c443 av_one_half  avia-builder-el-2  el_after_av_hr  el_before_av_one_half  first flex_column_table_cell av-equal-height-column av-align-middle  '     ><style type=\"text\/css\" data-created_by=\"avia_inline_auto\" id=\"style-css-av-lgeu1k1p-9220d034e4a083aa29aea670b738f805\">\n.avia-image-container.av-lgeu1k1p-9220d034e4a083aa29aea670b738f805 img.avia_image{\nbox-shadow:none;\n}\n.avia-image-container.av-lgeu1k1p-9220d034e4a083aa29aea670b738f805 .av-image-caption-overlay-center{\ncolor:#ffffff;\n}\n<\/style>\n<div  class='avia-image-container av-lgeu1k1p-9220d034e4a083aa29aea670b738f805 av-styling- avia-align-center  avia-builder-el-3  avia-builder-el-no-sibling '   itemprop=\"image\" itemscope=\"itemscope\" itemtype=\"https:\/\/schema.org\/ImageObject\" ><div class=\"avia-image-container-inner\"><div class=\"avia-image-overlay-wrap\"><img decoding=\"async\" fetchpriority=\"high\" class='wp-image-4588 avia-img-lazy-loading-not-4588 avia_image ' src=\"https:\/\/protherm.si\/wp-content\/uploads\/2023\/04\/zgk1-845x684.png\" alt='' title='zgk1'  height=\"684\" width=\"845\"  itemprop=\"thumbnailUrl\" srcset=\"https:\/\/protherm.si\/wp-content\/uploads\/2023\/04\/zgk1-845x684.png 845w, https:\/\/protherm.si\/wp-content\/uploads\/2023\/04\/zgk1-495x400.png 495w\" sizes=\"(max-width: 845px) 100vw, 845px\" \/><\/div><\/div><\/div><\/div><div class='av-flex-placeholder'><\/div><div  class='flex_column av-2f5qjy-c370105ee4f6845727cc431666d4b18c av_one_half  avia-builder-el-4  el_after_av_one_half  el_before_av_section  avia-builder-el-last  flex_column_table_cell av-equal-height-column av-align-middle  '     ><section  class='av_textblock_section av-lgeu376e-45171254407c802902cfd8ccd3b988aa '   itemscope=\"itemscope\" itemtype=\"https:\/\/schema.org\/CreativeWork\" ><div class='avia_textblock'  itemprop=\"text\" ><p>Biometrischer Zugang mit einem Fingerabdruck in Kombination mit Automatik 6-Punktverriegelung mit Elektro Motor. Einfache Verwaltung mit App auf Ihrem Smartphone bzw. Analog am Steuerger\u00e4t. DIN-Netzteil zum Anschluss ist beigelegt. Kapazit\u00e4t von 500 Fingerabdr\u00fccken.<\/p>\n<\/div><\/section><\/div><\/div><!--close column table wrapper. Autoclose: 1 --><\/div><\/div><\/div><!-- close content main div --><\/div><\/div>\n<style type=\"text\/css\" data-created_by=\"avia_inline_auto\" id=\"style-css-av-lgeu6dh7-d489183d066cd555e61b9b697b9a5278\">\n.avia-section.av-lgeu6dh7-d489183d066cd555e61b9b697b9a5278{\nbackground-color:#f8f8f8;\nbackground-image:unset;\n}\n<\/style>\n<div id='av_section_1'  class='avia-section av-lgeu6dh7-d489183d066cd555e61b9b697b9a5278 main_color avia-section-default avia-no-border-styling  avia-builder-el-6  el_after_av_one_half  el_before_av_heading  avia-bg-style-scroll container_wrap fullsize'  ><div class='container av-section-cont-open' ><div class='template-page content  av-content-full alpha units'><div class='post-entry post-entry-type-page post-entry-4585'><div class='entry-content-wrapper clearfix'>\n\n<style type=\"text\/css\" data-created_by=\"avia_inline_auto\" id=\"style-css-av-lfv3nx4n-e1dbb13e5b57f86bac03986f24c14f7c\">\n#top .av-special-heading.av-lfv3nx4n-e1dbb13e5b57f86bac03986f24c14f7c{\npadding-bottom:20px;\ncolor:#000000;\nfont-size:40px;\n}\nbody .av-special-heading.av-lfv3nx4n-e1dbb13e5b57f86bac03986f24c14f7c .av-special-heading-tag .heading-char{\nfont-size:25px;\n}\n#top #wrap_all .av-special-heading.av-lfv3nx4n-e1dbb13e5b57f86bac03986f24c14f7c .av-special-heading-tag{\nfont-size:40px;\n}\n.av-special-heading.av-lfv3nx4n-e1dbb13e5b57f86bac03986f24c14f7c .special-heading-inner-border{\nborder-color:#000000;\n}\n.av-special-heading.av-lfv3nx4n-e1dbb13e5b57f86bac03986f24c14f7c .av-subheading{\nfont-size:15px;\n}\n\n@media only screen and (min-width: 480px) and (max-width: 767px){ \n#top #wrap_all .av-special-heading.av-lfv3nx4n-e1dbb13e5b57f86bac03986f24c14f7c .av-special-heading-tag{\nfont-size:0.8em;\n}\n}\n\n@media only screen and (max-width: 479px){ \n#top #wrap_all .av-special-heading.av-lfv3nx4n-e1dbb13e5b57f86bac03986f24c14f7c .av-special-heading-tag{\nfont-size:0.8em;\n}\n}\n<\/style>\n<div  class='av-special-heading av-lfv3nx4n-e1dbb13e5b57f86bac03986f24c14f7c av-special-heading-h1 custom-color-heading blockquote modern-quote modern-centered  avia-builder-el-7  el_before_av_hr  avia-builder-el-first  av-inherit-size'><h1 class='av-special-heading-tag '  itemprop=\"headline\"  >R7-TP-SB<\/h1><div class=\"special-heading-border\"><div class=\"special-heading-inner-border\"><\/div><\/div><\/div>\n\n<style type=\"text\/css\" data-created_by=\"avia_inline_auto\" id=\"style-css-av-264kyh-eb885b297142a1867b596701271d3f98\">\n#top .hr.av-264kyh-eb885b297142a1867b596701271d3f98{\nmargin-top:30px;\nmargin-bottom:0px;\n}\n.hr.av-264kyh-eb885b297142a1867b596701271d3f98 .hr-inner{\nwidth:50px;\nborder-color:#000000;\n}\n<\/style>\n<div  class='hr av-264kyh-eb885b297142a1867b596701271d3f98 hr-custom  avia-builder-el-8  el_after_av_heading  el_before_av_one_half  hr-center hr-icon-no'><span class='hr-inner inner-border-av-border-fat'><span class=\"hr-inner-style\"><\/span><\/span><\/div>\n<div class='flex_column_table av-lgeu7kx0-0ec4e871c97320c8461856ab91b9851f sc-av_one_half av-equal-height-column-flextable'><div  class='flex_column av-lgeu7kx0-0ec4e871c97320c8461856ab91b9851f av_one_half  avia-builder-el-9  el_after_av_hr  el_before_av_one_half  first flex_column_table_cell av-equal-height-column av-align-middle  '     ><style type=\"text\/css\" data-created_by=\"avia_inline_auto\" id=\"style-css-av-lgeub5l1-82c48f92473097c8ec4d7febd78bce99\">\n.avia-image-container.av-lgeub5l1-82c48f92473097c8ec4d7febd78bce99 img.avia_image{\nbox-shadow:none;\n}\n.avia-image-container.av-lgeub5l1-82c48f92473097c8ec4d7febd78bce99 .av-image-caption-overlay-center{\ncolor:#ffffff;\n}\n<\/style>\n<div  class='avia-image-container av-lgeub5l1-82c48f92473097c8ec4d7febd78bce99 av-styling- avia-align-center  avia-builder-el-10  avia-builder-el-no-sibling '   itemprop=\"image\" itemscope=\"itemscope\" itemtype=\"https:\/\/schema.org\/ImageObject\" ><div class=\"avia-image-container-inner\"><div class=\"avia-image-overlay-wrap\"><img decoding=\"async\" fetchpriority=\"high\" class='wp-image-4593 avia-img-lazy-loading-not-4593 avia_image ' src=\"https:\/\/protherm.si\/wp-content\/uploads\/2023\/04\/zgk2-845x684.png\" alt='' title='zgk2'  height=\"684\" width=\"845\"  itemprop=\"thumbnailUrl\" srcset=\"https:\/\/protherm.si\/wp-content\/uploads\/2023\/04\/zgk2-845x684.png 845w, https:\/\/protherm.si\/wp-content\/uploads\/2023\/04\/zgk2-495x400.png 495w\" sizes=\"(max-width: 845px) 100vw, 845px\" \/><\/div><\/div><\/div><\/div><div class='av-flex-placeholder'><\/div><div  class='flex_column av-7w8uxq-de06eddde976047c7e27c118ee1f96cd av_one_half  avia-builder-el-11  el_after_av_one_half  avia-builder-el-last  flex_column_table_cell av-equal-height-column av-align-middle  '     ><section  class='av_textblock_section av-lgeu915j-efb301b047d663f0525f9e12854456cc '   itemscope=\"itemscope\" itemtype=\"https:\/\/schema.org\/CreativeWork\" ><div class='avia_textblock'  itemprop=\"text\" ><p>Zugang mit beleuchteter Touch Codetastatur in Kombination mit Automatik 6-Punktverriegelung mit Elektro Motor. DIN-Netzteil zum Anschluss ist beigelegt. Kapazit\u00e4t 100 Codes.<\/p>\n<\/div><\/section><\/div><\/div><!--close column table wrapper. Autoclose: 1 --><\/div><\/div><\/div><!-- close content main div --><\/div><\/div><div id='after_section_1'  class='main_color av_default_container_wrap container_wrap fullsize'  ><div class='container av-section-cont-open' ><div class='template-page content  av-content-full alpha units'><div class='post-entry post-entry-type-page post-entry-4585'><div class='entry-content-wrapper clearfix'>\n<style type=\"text\/css\" data-created_by=\"avia_inline_auto\" id=\"style-css-av-lfv6wa69-cd27512855778830ba127c684fee8378\">\n#top .av-special-heading.av-lfv6wa69-cd27512855778830ba127c684fee8378{\npadding-bottom:20px;\ncolor:#000000;\nfont-size:40px;\n}\nbody .av-special-heading.av-lfv6wa69-cd27512855778830ba127c684fee8378 .av-special-heading-tag .heading-char{\nfont-size:25px;\n}\n#top #wrap_all .av-special-heading.av-lfv6wa69-cd27512855778830ba127c684fee8378 .av-special-heading-tag{\nfont-size:40px;\n}\n.av-special-heading.av-lfv6wa69-cd27512855778830ba127c684fee8378 .special-heading-inner-border{\nborder-color:#000000;\n}\n.av-special-heading.av-lfv6wa69-cd27512855778830ba127c684fee8378 .av-subheading{\nfont-size:15px;\n}\n\n@media only screen and (min-width: 480px) and (max-width: 767px){ \n#top #wrap_all .av-special-heading.av-lfv6wa69-cd27512855778830ba127c684fee8378 .av-special-heading-tag{\nfont-size:0.8em;\n}\n}\n\n@media only screen and (max-width: 479px){ \n#top #wrap_all .av-special-heading.av-lfv6wa69-cd27512855778830ba127c684fee8378 .av-special-heading-tag{\nfont-size:0.8em;\n}\n}\n<\/style>\n<div  class='av-special-heading av-lfv6wa69-cd27512855778830ba127c684fee8378 av-special-heading-h1 custom-color-heading blockquote modern-quote modern-centered  avia-builder-el-13  el_after_av_section  el_before_av_hr  avia-builder-el-first  av-inherit-size'><h1 class='av-special-heading-tag '  itemprop=\"headline\"  >R7-MX-100<\/h1><div class=\"special-heading-border\"><div class=\"special-heading-inner-border\"><\/div><\/div><\/div><\/p>\n\n<style type=\"text\/css\" data-created_by=\"avia_inline_auto\" id=\"style-css-av-5681we-a448584c9d56d49f0e368a68f880919c\">\n#top .hr.av-5681we-a448584c9d56d49f0e368a68f880919c{\nmargin-top:30px;\nmargin-bottom:0px;\n}\n.hr.av-5681we-a448584c9d56d49f0e368a68f880919c .hr-inner{\nwidth:50px;\nborder-color:#000000;\n}\n<\/style>\n<div  class='hr av-5681we-a448584c9d56d49f0e368a68f880919c hr-custom  avia-builder-el-14  el_after_av_heading  el_before_av_one_half  hr-center hr-icon-no'><span class='hr-inner inner-border-av-border-fat'><span class=\"hr-inner-style\"><\/span><\/span><\/div>\n<div class='flex_column_table av-lgeuafng-0172cab6ab2e82438e89c05b7ce4093e sc-av_one_half av-equal-height-column-flextable'><div  class='flex_column av-lgeuafng-0172cab6ab2e82438e89c05b7ce4093e av_one_half  avia-builder-el-15  el_after_av_hr  el_before_av_one_half  first flex_column_table_cell av-equal-height-column av-align-middle  '     ><style type=\"text\/css\" data-created_by=\"avia_inline_auto\" id=\"style-css-av-lgeuc4po-5f2014aefd6c08a446a72532f6901274\">\n.avia-image-container.av-lgeuc4po-5f2014aefd6c08a446a72532f6901274 img.avia_image{\nbox-shadow:none;\n}\n.avia-image-container.av-lgeuc4po-5f2014aefd6c08a446a72532f6901274 .av-image-caption-overlay-center{\ncolor:#ffffff;\n}\n<\/style>\n<div  class='avia-image-container av-lgeuc4po-5f2014aefd6c08a446a72532f6901274 av-styling- avia-align-center  avia-builder-el-16  avia-builder-el-no-sibling '   itemprop=\"image\" itemscope=\"itemscope\" itemtype=\"https:\/\/schema.org\/ImageObject\" ><div class=\"avia-image-container-inner\"><div class=\"avia-image-overlay-wrap\"><img decoding=\"async\" fetchpriority=\"high\" class='wp-image-4601 avia-img-lazy-loading-not-4601 avia_image ' src=\"https:\/\/protherm.si\/wp-content\/uploads\/2023\/04\/zgk3-845x684.png\" alt='' title='zgk3'  height=\"684\" width=\"845\"  itemprop=\"thumbnailUrl\" srcset=\"https:\/\/protherm.si\/wp-content\/uploads\/2023\/04\/zgk3-845x684.png 845w, https:\/\/protherm.si\/wp-content\/uploads\/2023\/04\/zgk3-495x400.png 495w\" sizes=\"(max-width: 845px) 100vw, 845px\" \/><\/div><\/div><\/div><\/div><div class='av-flex-placeholder'><\/div><div  class='flex_column av-4vabim-2ee0a3de33358fa6cf4b2bdf9e984b07 av_one_half  avia-builder-el-17  el_after_av_one_half  avia-builder-el-last  flex_column_table_cell av-equal-height-column av-align-middle  '     ><section  class='av_textblock_section av-lgeucx4h-870e7ec58ebaaf72feae65024167a351 '   itemscope=\"itemscope\" itemtype=\"https:\/\/schema.org\/CreativeWork\" ><div class='avia_textblock'  itemprop=\"text\" ><p>Biometrischer Zugang mit einem Fingerabdruck integriert im Griff in Kombination mit Automatik 6-Punktverriegelung mit Elektro Motor. Einfache Verwaltung mit App auf Ihrem Smartphone bzw. Analog am Steuerger\u00e4t. DIN-Netzteil zum Anschluss ist beigelegt. Kapazit\u00e4t von 500 Fingerabdr\u00fccken.<\/p>\n<\/div><\/section><\/div><\/div><!--close column table wrapper. Autoclose: 1 --><\/p>\n","protected":false},"excerpt":{"rendered":"","protected":false},"author":1,"featured_media":0,"parent":0,"menu_order":0,"comment_status":"closed","ping_status":"closed","template":"","meta":{"_acf_changed":false,"footnotes":""},"class_list":["post-4585","page","type-page","status-publish","hentry"],"acf":[],"_links":{"self":[{"href":"https:\/\/protherm.si\/de\/wp-json\/wp\/v2\/pages\/4585","targetHints":{"allow":["GET"]}}],"collection":[{"href":"https:\/\/protherm.si\/de\/wp-json\/wp\/v2\/pages"}],"about":[{"href":"https:\/\/protherm.si\/de\/wp-json\/wp\/v2\/types\/page"}],"author":[{"embeddable":true,"href":"https:\/\/protherm.si\/de\/wp-json\/wp\/v2\/users\/1"}],"replies":[{"embeddable":true,"href":"https:\/\/protherm.si\/de\/wp-json\/wp\/v2\/comments?post=4585"}],"version-history":[{"count":13,"href":"https:\/\/protherm.si\/de\/wp-json\/wp\/v2\/pages\/4585\/revisions"}],"predecessor-version":[{"id":4730,"href":"https:\/\/protherm.si\/de\/wp-json\/wp\/v2\/pages\/4585\/revisions\/4730"}],"wp:attachment":[{"href":"https:\/\/protherm.si\/de\/wp-json\/wp\/v2\/media?parent=4585"}],"curies":[{"name":"wp","href":"https:\/\/api.w.org\/{rel}","templated":true}]}}